{"id":1592,"date":"2023-04-17T09:55:10","date_gmt":"2023-04-17T07:55:10","guid":{"rendered":"https:\/\/carballeiralleida.com\/avis-legal\/"},"modified":"2025-09-22T11:53:58","modified_gmt":"2025-09-22T09:53:58","slug":"aviso-legal","status":"publish","type":"page","link":"https:\/\/carballeiralleida.com\/es\/aviso-legal\/","title":{"rendered":"Aviso legal"},"content":{"rendered":"<p><div class=\"fusion-fullwidth fullwidth-box fusion-builder-row-1 fusion-flex-container has-pattern-background has-mask-background hundred-percent-fullwidth non-hundred-percent-height-scrolling\" style=\"--awb-border-radius-top-left:0px;--awb-border-radius-top-right:0px;--awb-border-radius-bottom-right:0px;--awb-border-radius-bottom-left:0px;--awb-padding-top:75px;--awb-padding-right:0px;--awb-padding-bottom:75px;--awb-padding-left:0px;--awb-margin-top:0px;--awb-margin-bottom:0px;--awb-background-color:var(--awb-color7);\" ><div class=\"fusion-builder-row fusion-row fusion-flex-align-items-flex-start fusion-flex-align-content-space-between fusion-flex-justify-content-center\" style=\"width:104% !important;max-width:104% !important;margin-left: calc(-4% \/ 2 );margin-right: calc(-4% \/ 2 );\"><div class=\"fusion-layout-column fusion_builder_column fusion-builder-column-0 fusion_builder_column_1_1 1_1 fusion-flex-column fusion-flex-align-self-stretch\" style=\"--awb-bg-size:cover;--awb-width-large:100%;--awb-margin-top-large:0px;--awb-spacing-right-large:1.92%;--awb-margin-bottom-large:0px;--awb-spacing-left-large:1.92%;--awb-width-medium:100%;--awb-order-medium:0;--awb-spacing-right-medium:1.92%;--awb-spacing-left-medium:1.92%;--awb-width-small:100%;--awb-order-small:0;--awb-spacing-right-small:1.92%;--awb-spacing-left-small:1.92%;\"><div class=\"fusion-column-wrapper fusion-column-has-shadow fusion-flex-justify-content-space-between fusion-content-layout-column\"><\/div><\/div><\/div><\/div><div class=\"fusion-fullwidth fullwidth-box fusion-builder-row-2 fusion-flex-container has-pattern-background has-mask-background nonhundred-percent-fullwidth non-hundred-percent-height-scrolling\" style=\"--awb-border-radius-top-left:0px;--awb-border-radius-top-right:0px;--awb-border-radius-bottom-right:0px;--awb-border-radius-bottom-left:0px;--awb-padding-top:50px;--awb-padding-bottom:20px;--awb-padding-top-small:20px;--awb-padding-bottom-small:0px;\" ><div class=\"fusion-builder-row fusion-row fusion-flex-align-items-flex-start\" style=\"max-width:1248px;margin-left: calc(-4% \/ 2 );margin-right: calc(-4% \/ 2 );\"><div class=\"fusion-layout-column fusion_builder_column fusion-builder-column-1 fusion_builder_column_1_1 1_1 fusion-flex-column\" style=\"--awb-bg-size:cover;--awb-width-large:100%;--awb-margin-top-large:0px;--awb-spacing-right-large:1.92%;--awb-margin-bottom-large:20px;--awb-spacing-left-large:1.92%;--awb-width-medium:100%;--awb-order-medium:0;--awb-spacing-right-medium:1.92%;--awb-spacing-left-medium:1.92%;--awb-width-small:100%;--awb-order-small:0;--awb-spacing-right-small:1.92%;--awb-spacing-left-small:1.92%;\"><div class=\"fusion-column-wrapper fusion-column-has-shadow fusion-flex-justify-content-flex-start fusion-content-layout-column\"><div class=\"fusion-text fusion-text-1\" style=\"--awb-font-size:var(--awb-typography4-font-size);--awb-line-height:var(--awb-typography4-line-height);--awb-letter-spacing:var(--awb-typography4-letter-spacing);--awb-text-transform:var(--awb-typography4-text-transform);--awb-text-font-family:var(--awb-typography4-font-family);--awb-text-font-weight:var(--awb-typography4-font-weight);--awb-text-font-style:var(--awb-typography4-font-style);\"><h3>AVISO LEGAL LSSI &#8211; CE<\/h3>\n<p>En cumplimiento de la Ley 34\/2002, de 11 de julio, de Servicios de la Sociedad de la Informaci\u00f3n y de Comercio Electr\u00f3nico (LSSI-CE), la entidad JOSE ANGEL RODRIGUEZ GOMEZ le informa de que es titular del sitio web. De acuerdo con la exigencia del art\u00edculo 10 de la citada Ley, informa de los siguientes datos:<\/p>\n<p>El titular de este sitio web es: JOSE ANGEL RODRIGUEZ GOMEZ<br \/>NIF: 35766603Q<br \/>Domicilio social: Ctra. Zaragoza N-IIA, Km. 457.5 \u2013 25194 Lleida<\/p>\n<h5>USUARIOS<\/h5>\n<p>El acceso y\/o uso de este portal le atribuye la condici\u00f3n de USUARIO, que acepta, desde ese acceso y\/o uso, las Condiciones Generales de Uso aqu\u00ed reflejadas. Dichas Condiciones se aplicar\u00e1n independientemente de las Condiciones Generales de Contrataci\u00f3n que en su caso resulten de obligado cumplimiento.<\/p>\n<h5>USO DEL PORTAL<\/h5>\n<p>La p\u00e1gina web proporciona el acceso a multitud de informaciones, servicios, programas o datos (en adelante, \u00ablos contenidos\u00bb) en Internet pertenecientes a JOSE ANGEL RODRIGUEZ GOMEZ oa sus licenciantes a los que el usuario pueda tener acceso. El usuario asume la responsabilidad del uso del portal. Esta responsabilidad se extiende al registro necesario para acceder a determinados servicios o contenidos. En este registro el USUARIO ser\u00e1 responsable de aportar informaci\u00f3n veraz y l\u00edcita. Como consecuencia de este registro, al USUARIO se le puede proporcionar una contrase\u00f1a de la que ser\u00e1 responsable, comprometi\u00e9ndose a hacer un uso diligente y confidencial de la misma. El usuario se compromete a hacer un uso adecuado de los contenidos y servicios que JOSE ANGEL RODRIGUEZ GOMEZ ofrece a trav\u00e9s de su portal y con car\u00e1cter enunciativo pero no limitativo, a no utilizarlos<span style=\"font-size: 16px;\">:<\/span><\/p>\n<ol>\n<li>Incurrir en actividades il\u00edcitas, ilegales o contrarias a la buena fe y al orden p\u00fablico.<\/li>\n<li>Difundir contenidos o propaganda de car\u00e1cter racista, xen\u00f3fobo, pornogr\u00e1fico-ilegal, de apolog\u00eda del terrorismo o que atente contra los derechos humanos.<\/li>\n<li>Provocar da\u00f1os en los sistemas f\u00edsicos y l\u00f3gicos de JOSE ANGEL RODRIGUEZ GOMEZ de sus proveedores o de terceras personas, introducir o difundir en la red virus inform\u00e1ticos o cualesquiera otros sistemas f\u00edsicos o l\u00f3gicos que sean susceptibles de provocar los da\u00f1os anteriormente citados.<\/li>\n<li>Intentar acceder y, en su caso, utilizar las cuentas de correo electr\u00f3nico de otros usuarios y modificar manipular sus mensajes. JOSE ANGEL RODRIGUEZ GOMEZ se reserva el derecho de retirar todos aquellos comentarios y aportaciones que vulneren el respeto a la dignidad de la persona, que sean discriminatorios, xen\u00f3fobos, racistas, pornogr\u00e1ficos, que atenten contra la juventud o la infancia, el orden o la seguridad p\u00fablica o que, a su juicio, no resultaran adecuados para su publicaci\u00f3n. En cualquier caso, JOSE ANGEL RODRIGUEZ GOMEZ no ser\u00e1 responsable de las opiniones vertidas por los usuarios a trav\u00e9s de los foros, chats, u otras herramientas de participaci\u00f3n.<\/li>\n<\/ol>\n<h5>PROPIEDAD INTELECTUAL E INDUSTRIAL<\/h5>\n<p>JOSE ANGEL RODRIGUEZ ser\u00e1 titular de todos los derechos de propiedad intelectual e industrial de su p\u00e1gina web, as\u00ed como de los elementos contenidos en la misma (a t\u00edtulo enunciativo, im\u00e1genes, sonido, audio, v\u00eddeo, software o textos; marcas o logotipos , combinaciones de colores, estructura y dise\u00f1o, selecci\u00f3n de materiales usados, programas de ordenador necesarios para su funcionamiento, acceso y uso, etc.)<\/p>\n<p>Todos los derechos reservados. En virtud de lo dispuesto en los art\u00edculos 8 y 32.1, p\u00e1rrafo segundo, de la Ley de Propiedad Intelectual, quedan expresamente prohibidas la reproducci\u00f3n, distribuci\u00f3n y comunicaci\u00f3n p\u00fablica, incluida su modalidad de puesta a disposici\u00f3n, de la totalidad o parte de los contenidos de esta p\u00e1gina web, con fines comerciales, en cualquier soporte y por cualquier medio t\u00e9cnico, sin la autorizaci\u00f3n de JOSE ANGEL RODRIGUEZ GOMEZ. El usuario se compromete a respetar los derechos de propiedad intelectual e industrial titularidad de JOSE ANGEL RODRIGUEZ GOMEZ. Podr\u00e1 visualizar los elementos del portal e incluso imprimirlos, copiarlos y almacenarlos en el disco duro de su ordenador o en cualquier otro soporte f\u00edsico siempre que sea, \u00fanica y exclusivamente, para su uso personal y privado. El usuario deber\u00e1 abstenerse de suprimir, alterar, eludir o manipular cualquier dispositivo de protecci\u00f3n o sistema de seguridad que estuviera instalado en las p\u00e1ginas de CARBALLEIRA.<\/p>\n<h5>EXCLUSI\u00d3N DE GARANT\u00cdAS Y RESPONSABILIDAD<\/h5>\n<p>JOSE ANGEL RODRIGUEZ no se hace responsable, en ning\u00fan caso, de los da\u00f1os y perjuicios de cualquier naturaleza que pudieran ocasionar, a t\u00edtulo enunciativo: errores u omisiones en los contenidos, falta de disponibilidad del portal o transmisi\u00f3n de virus o programas maliciosos o lesivos en los contenidos, a pesar de haber adoptado todas las medidas tecnol\u00f3gicas necesarias para evitarlo.<\/p>\n<h5>MODIFICACIONES<\/h5>\n<p>JOSE ANGEL RODRIGUEZ se reserva el derecho de efectuar sin previo aviso las modificaciones que considere oportunas en su portal, pudiendo cambiar, suprimir o a\u00f1adir tanto los contenidos y servicios que se presten a trav\u00e9s de la misma como la forma en que \u00e9stos aparezcan presentados o localizados en su portal.<\/p>\n<h5>ENLACES<\/h5>\n<p>En caso de que en la p\u00e1gina web se dispusieran enlaces o hiperv\u00ednculos hacia otros sitios de Internet, JOSE ANGEL RODRIGUEZ no ejercer\u00e1 ning\u00fan tipo de control sobre estos sitios y contenidos. En ning\u00fan caso JOSE ANGEL RODRIGUEZ asumir\u00e1 responsabilidad alguna por los contenidos de alg\u00fan enlace perteneciente a un sitio web ajeno, ni garantizar\u00e1 la disponibilidad t\u00e9cnica, calidad, fiabilidad, exactitud, amplitud, veracidad, validez y constitucionalidad de cualquier material o informaci\u00f3n contenida en ning\u00fan estos hiperv\u00ednculos u otros sitios de Internet.<\/p>\n<p>Asimismo, la inclusi\u00f3n de estas conexiones externas no implicar\u00e1 ning\u00fan tipo de asociaci\u00f3n, fusi\u00f3n o participaci\u00f3n con las entidades conectadas.<\/p>\n<h5>DERECHO DE EXCLUSI\u00d3N<\/h5>\n<p>JOSE ANGEL RODRIGUEZ se reserva el derecho a denegar o retirar el acceso a portal y\/o los servicios ofrecidos sin necesidad de preaviso, a instancia propia o de un tercero, a aquellos usuarios que incumplan las presentes Condiciones Generales de Uso.<\/p>\n<h5>GENERALIDADES<\/h5>\n<p>JOSE ANGEL RODRIGUEZ perseguir\u00e1 el incumplimiento de las presentes condiciones, as\u00ed como cualquier utilizaci\u00f3n indebida de su portal ejerciendo todas las acciones civiles y penales que pudieran corresponderle en derecho.<\/p>\n<h5>MODIFICACI\u00d3N DE LAS PRESENTES CONDICIONES Y DURACI\u00d3N<\/h5>\n<p>JOSE ANGEL RODRIGUEZ podr\u00e1 modificar en cualquier momento las condiciones aqu\u00ed determinadas, siendo debidamente publicadas como aparecen aqu\u00ed. La vigencia de las citadas condiciones ir\u00e1 en funci\u00f3n de su exposici\u00f3n y estar\u00e1n vigentes hasta debidamente publicadas que sean modificadas por otras.<\/p>\n<h5>LEGISLACI\u00d3N APLICABLE Y JURISDICCI\u00d3N<\/h5>\n<p>La relaci\u00f3n entre JOSE ANGEL RODRIGUEZ GOMEZ y el USUARIO se regir\u00e1 por la normativa espa\u00f1ola vigente y cualquier controversia se someter\u00e1 a los Juzgados y Tribunales de la ciudad anteriormente indicada.<\/p>\n<\/div><\/div><\/div><\/div><\/div><\/p>\n","protected":false},"excerpt":{"rendered":"","protected":false},"author":1,"featured_media":0,"parent":0,"menu_order":0,"comment_status":"closed","ping_status":"open","template":"100-width.php","meta":[],"yoast_head":"<!-- This site is optimized with the Yoast SEO plugin v20.3 - https:\/\/yoast.com\/wordpress\/plugins\/seo\/ -->\n<title>Aviso legal - Carballeira<\/title>\n<meta name=\"robots\" content=\"index, follow, max-snippet:-1, max-image-preview:large, max-video-preview:-1\" \/>\n<link rel=\"canonical\" href=\"https:\/\/carballeiralleida.com\/es\/aviso-legal\/\" \/>\n<meta property=\"og:locale\" content=\"es_ES\" \/>\n<meta property=\"og:type\" content=\"article\" \/>\n<meta property=\"og:title\" content=\"Aviso legal - Carballeira\" \/>\n<meta property=\"og:url\" content=\"https:\/\/carballeiralleida.com\/es\/aviso-legal\/\" \/>\n<meta property=\"og:site_name\" content=\"Carballeira\" \/>\n<meta property=\"article:modified_time\" content=\"2025-09-22T09:53:58+00:00\" \/>\n<meta name=\"twitter:card\" content=\"summary_large_image\" \/>\n<meta name=\"twitter:label1\" content=\"Tiempo de lectura\" \/>\n\t<meta name=\"twitter:data1\" content=\"9 minutos\" \/>\n<script type=\"application\/ld+json\" class=\"yoast-schema-graph\">{\"@context\":\"https:\/\/schema.org\",\"@graph\":[{\"@type\":\"WebPage\",\"@id\":\"https:\/\/carballeiralleida.com\/es\/aviso-legal\/\",\"url\":\"https:\/\/carballeiralleida.com\/es\/aviso-legal\/\",\"name\":\"Aviso legal - Carballeira\",\"isPartOf\":{\"@id\":\"https:\/\/carballeiralleida.com\/#website\"},\"datePublished\":\"2023-04-17T07:55:10+00:00\",\"dateModified\":\"2025-09-22T09:53:58+00:00\",\"breadcrumb\":{\"@id\":\"https:\/\/carballeiralleida.com\/es\/aviso-legal\/#breadcrumb\"},\"inLanguage\":\"es\",\"potentialAction\":[{\"@type\":\"ReadAction\",\"target\":[\"https:\/\/carballeiralleida.com\/es\/aviso-legal\/\"]}]},{\"@type\":\"BreadcrumbList\",\"@id\":\"https:\/\/carballeiralleida.com\/es\/aviso-legal\/#breadcrumb\",\"itemListElement\":[{\"@type\":\"ListItem\",\"position\":1,\"name\":\"Portada\",\"item\":\"https:\/\/carballeiralleida.com\/es\/el-restaurante\/\"},{\"@type\":\"ListItem\",\"position\":2,\"name\":\"Aviso legal\"}]},{\"@type\":\"WebSite\",\"@id\":\"https:\/\/carballeiralleida.com\/#website\",\"url\":\"https:\/\/carballeiralleida.com\/\",\"name\":\"Carballeira\",\"description\":\"Restaurant - Marisqueria\",\"potentialAction\":[{\"@type\":\"SearchAction\",\"target\":{\"@type\":\"EntryPoint\",\"urlTemplate\":\"https:\/\/carballeiralleida.com\/?s={search_term_string}\"},\"query-input\":\"required name=search_term_string\"}],\"inLanguage\":\"es\"}]}<\/script>\n<!-- \/ Yoast SEO plugin. -->","yoast_head_json":{"title":"Aviso legal - Carballeira","robots":{"index":"index","follow":"follow","max-snippet":"max-snippet:-1","max-image-preview":"max-image-preview:large","max-video-preview":"max-video-preview:-1"},"canonical":"https:\/\/carballeiralleida.com\/es\/aviso-legal\/","og_locale":"es_ES","og_type":"article","og_title":"Aviso legal - Carballeira","og_url":"https:\/\/carballeiralleida.com\/es\/aviso-legal\/","og_site_name":"Carballeira","article_modified_time":"2025-09-22T09:53:58+00:00","twitter_card":"summary_large_image","twitter_misc":{"Tiempo de lectura":"9 minutos"},"schema":{"@context":"https:\/\/schema.org","@graph":[{"@type":"WebPage","@id":"https:\/\/carballeiralleida.com\/es\/aviso-legal\/","url":"https:\/\/carballeiralleida.com\/es\/aviso-legal\/","name":"Aviso legal - Carballeira","isPartOf":{"@id":"https:\/\/carballeiralleida.com\/#website"},"datePublished":"2023-04-17T07:55:10+00:00","dateModified":"2025-09-22T09:53:58+00:00","breadcrumb":{"@id":"https:\/\/carballeiralleida.com\/es\/aviso-legal\/#breadcrumb"},"inLanguage":"es","potentialAction":[{"@type":"ReadAction","target":["https:\/\/carballeiralleida.com\/es\/aviso-legal\/"]}]},{"@type":"BreadcrumbList","@id":"https:\/\/carballeiralleida.com\/es\/aviso-legal\/#breadcrumb","itemListElement":[{"@type":"ListItem","position":1,"name":"Portada","item":"https:\/\/carballeiralleida.com\/es\/el-restaurante\/"},{"@type":"ListItem","position":2,"name":"Aviso legal"}]},{"@type":"WebSite","@id":"https:\/\/carballeiralleida.com\/#website","url":"https:\/\/carballeiralleida.com\/","name":"Carballeira","description":"Restaurant - Marisqueria","potentialAction":[{"@type":"SearchAction","target":{"@type":"EntryPoint","urlTemplate":"https:\/\/carballeiralleida.com\/?s={search_term_string}"},"query-input":"required name=search_term_string"}],"inLanguage":"es"}]}},"_links":{"self":[{"href":"https:\/\/carballeiralleida.com\/es\/wp-json\/wp\/v2\/pages\/1592"}],"collection":[{"href":"https:\/\/carballeiralleida.com\/es\/wp-json\/wp\/v2\/pages"}],"about":[{"href":"https:\/\/carballeiralleida.com\/es\/wp-json\/wp\/v2\/types\/page"}],"author":[{"embeddable":true,"href":"https:\/\/carballeiralleida.com\/es\/wp-json\/wp\/v2\/users\/1"}],"replies":[{"embeddable":true,"href":"https:\/\/carballeiralleida.com\/es\/wp-json\/wp\/v2\/comments?post=1592"}],"version-history":[{"count":5,"href":"https:\/\/carballeiralleida.com\/es\/wp-json\/wp\/v2\/pages\/1592\/revisions"}],"predecessor-version":[{"id":2750,"href":"https:\/\/carballeiralleida.com\/es\/wp-json\/wp\/v2\/pages\/1592\/revisions\/2750"}],"wp:attachment":[{"href":"https:\/\/carballeiralleida.com\/es\/wp-json\/wp\/v2\/media?parent=1592"}],"curies":[{"name":"wp","href":"https:\/\/api.w.org\/{rel}","templated":true}]}}