{"id":1593,"date":"2023-04-17T09:57:04","date_gmt":"2023-04-17T07:57:04","guid":{"rendered":"https:\/\/carballeiralleida.com\/politica-de-privadesa\/"},"modified":"2023-06-14T07:10:43","modified_gmt":"2023-06-14T07:10:43","slug":"politica-de-privacidad","status":"publish","type":"page","link":"https:\/\/carballeiralleida.com\/es\/politica-de-privacidad\/","title":{"rendered":"Pol\u00edtica de privacidad"},"content":{"rendered":"<p><div class=\"fusion-fullwidth fullwidth-box fusion-builder-row-1 fusion-flex-container has-pattern-background has-mask-background hundred-percent-fullwidth non-hundred-percent-height-scrolling\" style=\"--awb-border-radius-top-left:0px;--awb-border-radius-top-right:0px;--awb-border-radius-bottom-right:0px;--awb-border-radius-bottom-left:0px;--awb-padding-top:75px;--awb-padding-right:0px;--awb-padding-bottom:75px;--awb-padding-left:0px;--awb-margin-top:0px;--awb-margin-bottom:0px;--awb-background-color:var(--awb-color7);\" ><div class=\"fusion-builder-row fusion-row fusion-flex-align-items-flex-start fusion-flex-align-content-space-between fusion-flex-justify-content-center\" style=\"width:104% !important;max-width:104% !important;margin-left: calc(-4% \/ 2 );margin-right: calc(-4% \/ 2 );\"><div class=\"fusion-layout-column fusion_builder_column fusion-builder-column-0 fusion_builder_column_1_1 1_1 fusion-flex-column fusion-flex-align-self-stretch\" style=\"--awb-bg-size:cover;--awb-width-large:100%;--awb-margin-top-large:0px;--awb-spacing-right-large:1.92%;--awb-margin-bottom-large:0px;--awb-spacing-left-large:1.92%;--awb-width-medium:100%;--awb-order-medium:0;--awb-spacing-right-medium:1.92%;--awb-spacing-left-medium:1.92%;--awb-width-small:100%;--awb-order-small:0;--awb-spacing-right-small:1.92%;--awb-spacing-left-small:1.92%;\"><div class=\"fusion-column-wrapper fusion-column-has-shadow fusion-flex-justify-content-space-between fusion-content-layout-column\"><\/div><\/div><\/div><\/div><div class=\"fusion-fullwidth fullwidth-box fusion-builder-row-2 fusion-flex-container has-pattern-background has-mask-background nonhundred-percent-fullwidth non-hundred-percent-height-scrolling\" style=\"--awb-border-radius-top-left:0px;--awb-border-radius-top-right:0px;--awb-border-radius-bottom-right:0px;--awb-border-radius-bottom-left:0px;--awb-padding-top:70px;--awb-padding-bottom:20px;--awb-padding-top-small:20px;--awb-padding-bottom-small:0px;\" ><div class=\"fusion-builder-row fusion-row fusion-flex-align-items-flex-start\" style=\"max-width:1248px;margin-left: calc(-4% \/ 2 );margin-right: calc(-4% \/ 2 );\"><div class=\"fusion-layout-column fusion_builder_column fusion-builder-column-1 fusion_builder_column_1_1 1_1 fusion-flex-column\" style=\"--awb-bg-size:cover;--awb-width-large:100%;--awb-margin-top-large:0px;--awb-spacing-right-large:1.92%;--awb-margin-bottom-large:20px;--awb-spacing-left-large:1.92%;--awb-width-medium:100%;--awb-order-medium:0;--awb-spacing-right-medium:1.92%;--awb-spacing-left-medium:1.92%;--awb-width-small:100%;--awb-order-small:0;--awb-spacing-right-small:1.92%;--awb-spacing-left-small:1.92%;\"><div class=\"fusion-column-wrapper fusion-column-has-shadow fusion-flex-justify-content-flex-start fusion-content-layout-column\"><div class=\"fusion-text fusion-text-1\" style=\"--awb-font-size:var(--awb-typography4-font-size);--awb-line-height:var(--awb-typography4-line-height);--awb-letter-spacing:var(--awb-typography4-letter-spacing);--awb-text-transform:var(--awb-typography4-text-transform);--awb-text-font-family:var(--awb-typography4-font-family);--awb-text-font-weight:var(--awb-typography4-font-weight);--awb-text-font-style:var(--awb-typography4-font-style);\"><h3>POL\u00cdTICA DE PRIVACIDAD<\/h3>\n<h5>PROTECCI\u00d3N DE DATOS DEL SITIO WEB<\/h5>\n<p>JOSE ANGEL RODRIGUEZ GOMEZ (CARBALLEIRA) es una empresa en la que la transparencia en la informaci\u00f3n es fundamental para establecer una relaci\u00f3n de confianza con las personas que forman nuestro proyecto y con nuestros proveedores y clientes, siendo la protecci\u00f3n de los datos personales de las personas que conf\u00edan en nosotros de vital importancia, por lo que queremos mediante la presente Pol\u00edtica de privacidad y protecci\u00f3n de datos personales, informarte de c\u00f3mo recabamos y c\u00f3mo tratamos o utilizamos estos datos.<\/p>\n<p>En esta pol\u00edtica de privacidad y protecci\u00f3n de datos personales se establecen las bases sobre las que JOSE ANGEL RODRIGUEZ GOMEZ, con domicilio en Ctra. Zaragoza N-IIA, Km. 457.5 &#8211; 25194 Lleida, trata los datos de car\u00e1cter personal que voluntariamente nos facilitan nuestros usuarios a trav\u00e9s de la p\u00e1gina web.<\/p>\n<p>Esta Pol\u00edtica siempre ser\u00e1 de aplicaci\u00f3n cuando se faciliten datos a JOSE ANGEL RODRIGUEZ GOMEZ, el cual ser\u00e1 responsable de sus datos (Responsable del Tratamiento de los Datos), ya trav\u00e9s de cualquiera de los formularios de contacto o suscripci\u00f3n donde se recojan datos de car\u00e1cter personal ( nombre, email, etc.).<\/p>\n<h5>A QU\u00c9 NOS COMPROMETAMOS<\/h5>\n<ul>\n<li>A respetar la privacidad de nuestros usuarios y tratar sus datos personales con el consentimiento de los mismos.<\/li>\n<li>A tratar los datos personales que estrictamente necesitamos para dar el servicio solicitado, y tratarlos de forma segura y confidencial, tomando las medidas necesarias para evitar el acceso no autorizado y el uso indebido de los mismos.<\/li>\n<li>A no utilizar los datos personales para fines por los que no hemos obtenido previamente el consentimiento.<\/li>\n<li>A no dar los datos personales a terceros ni compartirlos.<\/li>\n<li>A conservar los datos personales durante el tiempo estrictamente necesario para la finalidad concreta por la que han sido proporcionados.<\/li>\n<\/ul>\n<h5>QU\u00c9 DATOS PERSONALES UTILIZAMOS<\/h5>\n<p>A trav\u00e9s de nuestra p\u00e1gina web podemos recabar datos personales para diferentes finalidades:<\/p>\n<ul>\n<li>Solicitud de informaci\u00f3n por parte del usuario<\/li>\n<li>Suscripci\u00f3n a newsletters<\/li>\n<li>Trabajar con nosotros mediante el env\u00edo del curr\u00edculum<\/li>\n<\/ul>\n<p>Dependiendo de la finalidad por la que se aporten los datos, ser\u00e1n requeridos los datos estrictamente necesarios.<\/p>\n<p>Es importante que el usuario sea consciente de los datos que aporta y la finalidad por la que lo hace porque en el momento que los facilita, est\u00e1 aceptando que recopilemos, almacenamos y usemos estos datos para la finalidad requerida, pudiendo en cualquier momento retirar el consentimiento prestado por las v\u00edas oportunas siendo el consentimiento del interesado la base legal y legitimaci\u00f3n para el tratamiento de sus datos personales<\/p>\n<h5>EXACTITUD Y VERACIDAD DE LOS DATOS<\/h5>\n<p>El usuario, al aportar los datos requeridos en los formularios es el \u00fanico responsable de la veracidad de los datos remitidos, garantizando y respondiendo de la exactitud, vigencia y autenticidad de los datos personales facilitados, comprometi\u00e9ndose a mantenerlos debidamente actualizados.<\/p>\n<h5>QUE DERECHOS TIENE SOBRE LOS DATOS PERSONALES APORTADOS<\/h5>\n<p>Una vez aportados los datos personales tendr\u00e1 derecho a<span style=\"font-size: 16px;\">:<\/span><\/p>\n<ul>\n<li>consultar cualquier duda ya que se le informe de c\u00f3mo utilizamos los datos ya obtener ACCESO a los mismos.<\/li>\n<li>que se RECTIFIQUE o borre su informaci\u00f3n oa imponer LIMITACIONES en el tratamiento de la misma.<\/li>\n<li>CANCELACI\u00d3N de los datos.<\/li>\n<li>OPONERSE al tratamiento de sus datos.<\/li>\n<li>PORTABILIDAD de los datos.<\/li>\n<\/ul>\n<p>En cualquier momento, podr\u00e1 ejercitar estos Derechos, mediante escrito y acreditando su personalidad dirigido a JOSE ANGEL RODRIGUEZ GOMEZ, en Ctra. Zaragoza N-IIA, Km. 457.5 \u2013 25194 Lleida, oa trav\u00e9s de la direcci\u00f3n de correo electr\u00f3nico: <a href=\"mailto:carballeira@carballeira.net\" target=\"_blank\" rel=\"noopener\">carballeira@carballeira.net<\/a><\/p>\n<p>Adem\u00e1s, podr\u00e1 presentar una reclamaci\u00f3n ante la autoridad de control, en cuyo caso, la Agencia Espa\u00f1ola de Protecci\u00f3n de Datos, si considera que el tratamiento de datos personales infringe la legislaci\u00f3n aplicable.<\/p>\n<h5>SEGURIDAD Y ALMACENAMIENTO DE LOS DATOS<\/h5>\n<p>Mantendremos los datos durante el tiempo estrictamente necesario para la prestaci\u00f3n del servicio solicitado y mientras el titular no solicite su eliminaci\u00f3n, adoptando las medidas adecuadas de car\u00e1cter t\u00e9cnico y organizativo contra el tratamiento no autorizado o il\u00edcito y contra la su p\u00e9rdida, destrucci\u00f3n o da\u00f1o accidental, haciendo todo lo posible por protegerlos y mantenerlos de forma segura.<\/p>\n<h5>QU\u00c9 DATOS PERSONALES COMPARTIMOS CON TERCEROS<\/h5>\n<p>No se prev\u00e9n cesiones de datos salvo en aquellos casos en los que exista una obligaci\u00f3n legal. No existe previsi\u00f3n de transferencias de datos internacionales.<\/p>\n<\/div><\/div><\/div><\/div><\/div><\/p>\n","protected":false},"excerpt":{"rendered":"","protected":false},"author":1,"featured_media":0,"parent":0,"menu_order":0,"comment_status":"closed","ping_status":"open","template":"100-width.php","meta":[],"yoast_head":"<!-- This site is optimized with the Yoast SEO plugin v20.3 - https:\/\/yoast.com\/wordpress\/plugins\/seo\/ -->\n<title>Pol\u00edtica de privacidad - Carballeira<\/title>\n<meta name=\"robots\" content=\"index, follow, max-snippet:-1, max-image-preview:large, max-video-preview:-1\" \/>\n<link rel=\"canonical\" href=\"https:\/\/carballeiralleida.com\/es\/politica-de-privacidad\/\" \/>\n<meta property=\"og:locale\" content=\"es_ES\" \/>\n<meta property=\"og:type\" content=\"article\" \/>\n<meta property=\"og:title\" content=\"Pol\u00edtica de privacidad - Carballeira\" \/>\n<meta property=\"og:url\" content=\"https:\/\/carballeiralleida.com\/es\/politica-de-privacidad\/\" \/>\n<meta property=\"og:site_name\" content=\"Carballeira\" \/>\n<meta property=\"article:modified_time\" content=\"2023-06-14T07:10:43+00:00\" \/>\n<meta name=\"twitter:card\" content=\"summary_large_image\" \/>\n<meta name=\"twitter:label1\" content=\"Tiempo de lectura\" \/>\n\t<meta name=\"twitter:data1\" content=\"7 minutos\" \/>\n<script type=\"application\/ld+json\" class=\"yoast-schema-graph\">{\"@context\":\"https:\/\/schema.org\",\"@graph\":[{\"@type\":\"WebPage\",\"@id\":\"https:\/\/carballeiralleida.com\/es\/politica-de-privacidad\/\",\"url\":\"https:\/\/carballeiralleida.com\/es\/politica-de-privacidad\/\",\"name\":\"Pol\u00edtica de privacidad - Carballeira\",\"isPartOf\":{\"@id\":\"https:\/\/carballeiralleida.com\/#website\"},\"datePublished\":\"2023-04-17T07:57:04+00:00\",\"dateModified\":\"2023-06-14T07:10:43+00:00\",\"breadcrumb\":{\"@id\":\"https:\/\/carballeiralleida.com\/es\/politica-de-privacidad\/#breadcrumb\"},\"inLanguage\":\"es\",\"potentialAction\":[{\"@type\":\"ReadAction\",\"target\":[\"https:\/\/carballeiralleida.com\/es\/politica-de-privacidad\/\"]}]},{\"@type\":\"BreadcrumbList\",\"@id\":\"https:\/\/carballeiralleida.com\/es\/politica-de-privacidad\/#breadcrumb\",\"itemListElement\":[{\"@type\":\"ListItem\",\"position\":1,\"name\":\"Portada\",\"item\":\"https:\/\/carballeiralleida.com\/es\/el-restaurante\/\"},{\"@type\":\"ListItem\",\"position\":2,\"name\":\"Pol\u00edtica de privacidad\"}]},{\"@type\":\"WebSite\",\"@id\":\"https:\/\/carballeiralleida.com\/#website\",\"url\":\"https:\/\/carballeiralleida.com\/\",\"name\":\"Carballeira\",\"description\":\"Restaurant - Marisqueria\",\"potentialAction\":[{\"@type\":\"SearchAction\",\"target\":{\"@type\":\"EntryPoint\",\"urlTemplate\":\"https:\/\/carballeiralleida.com\/?s={search_term_string}\"},\"query-input\":\"required name=search_term_string\"}],\"inLanguage\":\"es\"}]}<\/script>\n<!-- \/ Yoast SEO plugin. -->","yoast_head_json":{"title":"Pol\u00edtica de privacidad - Carballeira","robots":{"index":"index","follow":"follow","max-snippet":"max-snippet:-1","max-image-preview":"max-image-preview:large","max-video-preview":"max-video-preview:-1"},"canonical":"https:\/\/carballeiralleida.com\/es\/politica-de-privacidad\/","og_locale":"es_ES","og_type":"article","og_title":"Pol\u00edtica de privacidad - Carballeira","og_url":"https:\/\/carballeiralleida.com\/es\/politica-de-privacidad\/","og_site_name":"Carballeira","article_modified_time":"2023-06-14T07:10:43+00:00","twitter_card":"summary_large_image","twitter_misc":{"Tiempo de lectura":"7 minutos"},"schema":{"@context":"https:\/\/schema.org","@graph":[{"@type":"WebPage","@id":"https:\/\/carballeiralleida.com\/es\/politica-de-privacidad\/","url":"https:\/\/carballeiralleida.com\/es\/politica-de-privacidad\/","name":"Pol\u00edtica de privacidad - Carballeira","isPartOf":{"@id":"https:\/\/carballeiralleida.com\/#website"},"datePublished":"2023-04-17T07:57:04+00:00","dateModified":"2023-06-14T07:10:43+00:00","breadcrumb":{"@id":"https:\/\/carballeiralleida.com\/es\/politica-de-privacidad\/#breadcrumb"},"inLanguage":"es","potentialAction":[{"@type":"ReadAction","target":["https:\/\/carballeiralleida.com\/es\/politica-de-privacidad\/"]}]},{"@type":"BreadcrumbList","@id":"https:\/\/carballeiralleida.com\/es\/politica-de-privacidad\/#breadcrumb","itemListElement":[{"@type":"ListItem","position":1,"name":"Portada","item":"https:\/\/carballeiralleida.com\/es\/el-restaurante\/"},{"@type":"ListItem","position":2,"name":"Pol\u00edtica de privacidad"}]},{"@type":"WebSite","@id":"https:\/\/carballeiralleida.com\/#website","url":"https:\/\/carballeiralleida.com\/","name":"Carballeira","description":"Restaurant - Marisqueria","potentialAction":[{"@type":"SearchAction","target":{"@type":"EntryPoint","urlTemplate":"https:\/\/carballeiralleida.com\/?s={search_term_string}"},"query-input":"required name=search_term_string"}],"inLanguage":"es"}]}},"_links":{"self":[{"href":"https:\/\/carballeiralleida.com\/es\/wp-json\/wp\/v2\/pages\/1593"}],"collection":[{"href":"https:\/\/carballeiralleida.com\/es\/wp-json\/wp\/v2\/pages"}],"about":[{"href":"https:\/\/carballeiralleida.com\/es\/wp-json\/wp\/v2\/types\/page"}],"author":[{"embeddable":true,"href":"https:\/\/carballeiralleida.com\/es\/wp-json\/wp\/v2\/users\/1"}],"replies":[{"embeddable":true,"href":"https:\/\/carballeiralleida.com\/es\/wp-json\/wp\/v2\/comments?post=1593"}],"version-history":[{"count":2,"href":"https:\/\/carballeiralleida.com\/es\/wp-json\/wp\/v2\/pages\/1593\/revisions"}],"predecessor-version":[{"id":1602,"href":"https:\/\/carballeiralleida.com\/es\/wp-json\/wp\/v2\/pages\/1593\/revisions\/1602"}],"wp:attachment":[{"href":"https:\/\/carballeiralleida.com\/es\/wp-json\/wp\/v2\/media?parent=1593"}],"curies":[{"name":"wp","href":"https:\/\/api.w.org\/{rel}","templated":true}]}}