{"id":1594,"date":"2023-04-17T09:57:43","date_gmt":"2023-04-17T07:57:43","guid":{"rendered":"https:\/\/carballeiralleida.com\/politica-de-cookies\/"},"modified":"2025-09-24T10:00:53","modified_gmt":"2025-09-24T08:00:53","slug":"politica-de-cookies","status":"publish","type":"page","link":"https:\/\/carballeiralleida.com\/es\/politica-de-cookies\/","title":{"rendered":"Pol\u00edtica de cookies"},"content":{"rendered":"<p><div class=\"fusion-fullwidth fullwidth-box fusion-builder-row-1 fusion-flex-container has-pattern-background has-mask-background hundred-percent-fullwidth non-hundred-percent-height-scrolling\" style=\"--awb-border-radius-top-left:0px;--awb-border-radius-top-right:0px;--awb-border-radius-bottom-right:0px;--awb-border-radius-bottom-left:0px;--awb-padding-top:75px;--awb-padding-right:0px;--awb-padding-bottom:75px;--awb-padding-left:0px;--awb-margin-top:0px;--awb-margin-bottom:0px;--awb-background-color:var(--awb-color7);\" ><div class=\"fusion-builder-row fusion-row fusion-flex-align-items-flex-start fusion-flex-align-content-space-between fusion-flex-justify-content-center\" style=\"width:104% !important;max-width:104% !important;margin-left: calc(-4% \/ 2 );margin-right: calc(-4% \/ 2 );\"><div class=\"fusion-layout-column fusion_builder_column fusion-builder-column-0 fusion_builder_column_1_1 1_1 fusion-flex-column fusion-flex-align-self-stretch\" style=\"--awb-bg-size:cover;--awb-width-large:100%;--awb-margin-top-large:0px;--awb-spacing-right-large:1.92%;--awb-margin-bottom-large:0px;--awb-spacing-left-large:1.92%;--awb-width-medium:100%;--awb-order-medium:0;--awb-spacing-right-medium:1.92%;--awb-spacing-left-medium:1.92%;--awb-width-small:100%;--awb-order-small:0;--awb-spacing-right-small:1.92%;--awb-spacing-left-small:1.92%;\"><div class=\"fusion-column-wrapper fusion-column-has-shadow fusion-flex-justify-content-space-between fusion-content-layout-column\"><\/div><\/div><\/div><\/div><div class=\"fusion-fullwidth fullwidth-box fusion-builder-row-2 fusion-flex-container has-pattern-background has-mask-background nonhundred-percent-fullwidth non-hundred-percent-height-scrolling\" style=\"--awb-border-radius-top-left:0px;--awb-border-radius-top-right:0px;--awb-border-radius-bottom-right:0px;--awb-border-radius-bottom-left:0px;--awb-padding-top:70px;--awb-padding-bottom:20px;--awb-padding-top-small:20px;--awb-padding-bottom-small:0px;\" ><div class=\"fusion-builder-row fusion-row fusion-flex-align-items-flex-start\" style=\"max-width:1248px;margin-left: calc(-4% \/ 2 );margin-right: calc(-4% \/ 2 );\"><div class=\"fusion-layout-column fusion_builder_column fusion-builder-column-1 fusion_builder_column_1_1 1_1 fusion-flex-column\" style=\"--awb-bg-size:cover;--awb-width-large:100%;--awb-margin-top-large:0px;--awb-spacing-right-large:1.92%;--awb-margin-bottom-large:20px;--awb-spacing-left-large:1.92%;--awb-width-medium:100%;--awb-order-medium:0;--awb-spacing-right-medium:1.92%;--awb-spacing-left-medium:1.92%;--awb-width-small:100%;--awb-order-small:0;--awb-spacing-right-small:1.92%;--awb-spacing-left-small:1.92%;\"><div class=\"fusion-column-wrapper fusion-column-has-shadow fusion-flex-justify-content-flex-start fusion-content-layout-column\"><div class=\"fusion-text fusion-text-1\" style=\"--awb-font-size:var(--awb-typography4-font-size);--awb-line-height:var(--awb-typography4-line-height);--awb-letter-spacing:var(--awb-typography4-letter-spacing);--awb-text-transform:var(--awb-typography4-text-transform);--awb-text-font-family:var(--awb-typography4-font-family);--awb-text-font-weight:var(--awb-typography4-font-weight);--awb-text-font-style:var(--awb-typography4-font-style);\"><h3><strong>POL\u00cdTICA DE COOKIES<\/strong><\/h3>\n<h5>\u00bfQU\u00c9 ES UNA COOKIE?<\/h5>\n<p>Este sitio web utiliza cookies y\/o tecnolog\u00edas similares que almacenan y recuperan informaci\u00f3n cuando navegas. Por lo general, estas tecnolog\u00edas pueden servir para finalidades muy diversas, como, por ejemplo, reconocerte como usuario, obtener informaci\u00f3n sobre tus h\u00e1bitos de navegaci\u00f3n o personalizas la forma en la que se muestra el contenido. Los usos concretos que hacemos de estas tecnolog\u00edas se describen a continuaci\u00f3n.<\/p>\n<h5>\u00bfQUI\u00c9N UTILIZA LA INFORMACI\u00d3N DE LAS COOKIES?<\/h5>\n<p>Los datos almacenados son tratados por la entidad JOSE ANGEL RODRIGUEZ GOMEZ con NIF 35766603Q- con domicilio social en Ctra. Zaragoza N-IIA, Km. 457.5 \u2013 25194 Lleida<\/p>\n<h5>\u00bfQU\u00c9 TIPO DE COOKIES EXISTEN?<\/h5>\n<p>Las Cookies pueden clasificarse, en virtud de sus propias caracter\u00edsticas, dentro de diversas categor\u00edas<span style=\"font-size: 16px;\">.<\/span><\/p>\n<ol>\n<li>Seg\u00fan la entidad que la gestione:<\/li>\n<\/ol>\n<ul>\n<li>Cookies propias: Son aquellas que se env\u00edan a tu ordenador y son gestionadas exclusivamente por nosotros para el mejor funcionamiento del sitio web.<\/li>\n<li>Cookies de terceros: Son aquellas que se env\u00edan a tu ordenador y no son gestionadas por nosotros sino por una tercera entidad.<\/li>\n<\/ul>\n<ol start=\"2\">\n<li>Seg\u00fan el plazo de tiempo que permanecen activadas:<\/li>\n<\/ol>\n<ul>\n<li>Cookies de sesi\u00f3n: Este tipo de cookies recaban y almacenan datos \u00fanicamente mientras el Usuario accede al Sitio Web.<\/li>\n<li>Cookies persistentes: Mediante este tipo de cookies los datos siguen almacenados y pueden ser accedidos y tratados durante el per\u00edodo definido por el responsable de la cookie, y puede ir de unos minutos a varios a\u00f1os.<\/li>\n<\/ul>\n<ol start=\"3\">\n<li>Seg\u00fan la finalidad:<\/li>\n<\/ol>\n<ul>\n<li>Cookies t\u00e9cnicas: Son aquellas que permiten al usuario la navegaci\u00f3n a trav\u00e9s del sitio web, plataforma o aplicaci\u00f3n y la utilizaci\u00f3n de las diferentes opciones o servicios que el mismo ofrece, como por ejemplo, controlar el tr\u00e1fico y la comunicaci\u00f3n de datos, identificar la sesi\u00f3n, acceder a partes de acceso restringido, recordar los elementos que integran un pedido, realizar el proceso de compra de un pedido, realizar la solicitud de inscripci\u00f3n o participaci\u00f3n en un evento, utilizar elementos de seguridad durante la navegaci\u00f3n, almacenar contenidos para la difusi\u00f3n de v\u00eddeos o sonido o compartir contenidos a trav\u00e9s de redes sociales.<\/li>\n<li>Cookies de personalizaci\u00f3n: Son aquellas que permiten al usuario acceder al servicio con algunas caracter\u00edsticas de car\u00e1cter general predefinidas, como el idioma, la configuraci\u00f3n regional desde donde accede al servicio, etc.<\/li>\n<li>Cookies de an\u00e1lisis: Son aquellas que permiten al responsable de las mismas, el seguimiento y an\u00e1lisis del comportamiento de los usuarios de los sitios web a los que est\u00e1n. La informaci\u00f3n recogida mediante este tipo de cookies se utiliza en la medici\u00f3n de la actividad de los sitios web, aplicaci\u00f3n o plataforma y para la elaboraci\u00f3n de perfiles de navegaci\u00f3n de los usuarios de estos sitios, aplicaciones y plataformas, con el fin de introducir mejoras en funci\u00f3n del an\u00e1lisis de los datos de uso que realizan los usuarios del servicio.<\/li>\n<li>Cookies publicitarias: Son aquellas que permiten la gesti\u00f3n, de la forma m\u00e1s eficaz posible, de los espacios publicitarios que, en su caso, se haya incluido en el sitio web, aplicaci\u00f3n o plataforma desde la que presta el servicio solicitado sobre la base de los criterios como el contenido editado o la frecuencia en la que se muestran los anuncios.<\/li>\n<li>Cookies de publicidad comportamental: Son aquellas que permiten la gesti\u00f3n, de la forma m\u00e1s eficaz posible, de los espacios publicitarios que, en su caso, el editor haya incluido en su p\u00e1gina web, aplicaci\u00f3n o plataforma desde la que presta el servicio s\u00f3lo licidad. Estas cookies almacenan informaci\u00f3n del comportamiento de los usuarios obtenida a trav\u00e9s de la observaci\u00f3n continua de sus h\u00e1bitos de navegaci\u00f3n, lo que permite desarrollar un perfil espec\u00edfico para mostrar publicidad en funci\u00f3n del mismo.<\/li>\n<\/ul>\n<h5>\u00bfQU\u00c9 TIPO DE COOKIES UTILIZA ESTE SITIO WEB?<\/h5>\n<p>A continuaci\u00f3n, se especifican las cookies en concreto utilizadas en el presente Sitio web:<\/p>\n<\/div>\n<div class=\"table-1\">\n<table width=\"100%\">\n<thead>\n<tr>\n<th align=\"left\"><strong>Nombre<\/strong><\/th>\n<th align=\"left\"><strong>Dominio<\/strong><\/th>\n<th align=\"left\">Tipo<\/th>\n<th align=\"left\"><strong>Descripci\u00f3n<\/strong><\/th>\n<th align=\"left\"><strong>Duraci\u00f3n<\/strong><\/th>\n<\/tr>\n<\/thead>\n<tbody>\n<tr>\n<td align=\"left\">cookielawinfo-checkbox-necessary<\/td>\n<td align=\"left\">www.carballeiralleida.com<\/td>\n<td align=\"left\">Necesaria<\/td>\n<td align=\"left\">Establecida por el complemento de consentimiento de cookies GDPR, esta cookie se utiliza para registrar el consentimiento del usuario para las cookies en la categor\u00eda \u201cNecesarias\u201d.<\/td>\n<td align=\"left\">1 a\u00f1o<\/td>\n<\/tr>\n<tr>\n<td align=\"left\">cookielawinfo-checkbox-functional<\/td>\n<td align=\"left\">www.carballeiralleida.com<\/td>\n<td align=\"left\">Necesaria<\/td>\n<td align=\"left\">La cookie la configura el conector de consentimiento de cookies de GDPR para registrar el consentimiento del usuario para las cookies en la categor\u00eda \u201cFuncionales\u201d.<\/td>\n<td align=\"left\">1 a\u00f1o<\/td>\n<\/tr>\n<tr>\n<td align=\"left\">cookielawinfo-checkbox-performance<\/td>\n<td align=\"left\">www.carballeiralleida.com<\/td>\n<td align=\"left\">Necesaria<\/td>\n<td align=\"left\">Establecida por el complemento de consentimiento de cookies GDPR, esta cookie se utiliza para almacenar el consentimiento del usuario para las cookies en la categor\u00eda \u201cRendimiento\u201d.<\/td>\n<td align=\"left\">1 a\u00f1o<\/td>\n<\/tr>\n<tr>\n<td align=\"left\">cookielawinfo-checkbox-analytics<\/td>\n<td align=\"left\">www.carballeiralleida.com<\/td>\n<td align=\"left\">Necesaria<\/td>\n<td align=\"left\">Establecida por el complemento de consentimiento de cookies GDPR, esta cookie se utiliza para registrar el consentimiento del usuario para las cookies de la categor\u00eda \u201cAn\u00e1lisis\u201d.<\/td>\n<td align=\"left\">1 a\u00f1o<\/td>\n<\/tr>\n<tr>\n<td align=\"left\">cookielawinfo-checkbox-advertisement<\/td>\n<td align=\"left\">www.carballeiralleida.com<\/td>\n<td align=\"left\">Necesaria<\/td>\n<td align=\"left\">Establecida por el conector de consentimiento de cookies GDPR, esta cookie se utiliza para registrar el consentimiento del usuario para las cookies en la categor\u00eda \u201cAnuncio\u201d.<\/td>\n<td align=\"left\">1 a\u00f1o<\/td>\n<\/tr>\n<tr>\n<td align=\"left\">cookielawinfo-checkbox-others<\/td>\n<td align=\"left\">www.carballeiralleida.com<\/td>\n<td align=\"left\">Necesaria<\/td>\n<td align=\"left\">Establecida por el complemento de consentimiento de cookies GDPR, esta cookie se utiliza para almacenar el consentimiento del usuario para las cookies en la categor\u00eda \u201cOtros\u201d.<\/td>\n<td align=\"left\">1 a\u00f1o<\/td>\n<\/tr>\n<\/tbody>\n<\/table>\n<\/div>\n<div class=\"fusion-text fusion-text-2\" style=\"--awb-font-size:var(--awb-typography4-font-size);--awb-line-height:var(--awb-typography4-line-height);--awb-letter-spacing:var(--awb-typography4-letter-spacing);--awb-text-transform:var(--awb-typography4-text-transform);--awb-text-font-family:var(--awb-typography4-font-family);--awb-text-font-weight:var(--awb-typography4-font-weight);--awb-text-font-style:var(--awb-typography4-font-style);\"><p>Esta tabla puede ser actualizada conforme a las cookies empleadas en cada momento. Te aconsejamos que consultes nuestra Pol\u00edtica de Cookies de forma regular.<\/p>\n<h5>\u00bfSE REALIZAN TRANFERENCIAS DE DATOS EN TERCEROS PA\u00cdSES?<\/h5>\n<p>Puedes informarte de las transferencias a terceros pa\u00edses que, en su caso, realizan los terceros identificados en esta pol\u00edtica de cookies en sus correspondientes pol\u00edticas (Ver los enlaces facilitados en la tabla anterior, en el apartado de cookies de terceros).<\/p>\n<h5>\u00bfC\u00d3MO DESHABILITAR Y BLOCUAR COOKIES?<\/h5>\n<p>Te informamos que, en cualquier caso, puedes desactivar o bloquear las cookies activando la configuraci\u00f3n de tu navegador, permiti\u00e9ndote rechazar la instalaci\u00f3n de todas o algunas de las cookies. En caso de no permitir la instalaci\u00f3n de cookies es posible que no puedas acceder a algunas de las funcionalidades del presente sitio web, y por tanto, tu experiencia como usuario en el sitio web resulte menos satisfactoria.<\/p>\n<p>Puedes permitir, bloquear o eliminar las cookies instaladas en tu equipo mediante la configuraci\u00f3n de las opciones del navegador instalado en tu ordenador. Para m\u00e1s informaci\u00f3n sobre c\u00f3mo ajustar sus configuraciones de cookies en los siguientes navegadores, te remitimos al enlace pertinente:<\/p>\n<ul>\n<li><strong>Internet Explorer: <\/strong><a href=\"https:\/\/support.microsoft.com\/es-es\/help\/17442\/windows-internet-explorer-delete-manage-cookies\">https:\/\/support.microsoft.com\/es-es\/help\/17442\/windows-internet-explorer-delete-manage-cookies<\/a><\/li>\n<li><strong>Firefox: <\/strong><a href=\"https:\/\/support.mozilla.org\/es\/kb\/habilitar-y-deshabilitar-cookies-sitios-web-rastrear-preferencias?redirectlocale=es&amp;redirectslug=habilitar-y-deshabilitar-cookies-que-los-sitios-we\">https:\/\/support.mozilla.org\/es\/kb\/habilitar-y-deshabilitar-cookies-sitios-web-rastrear-preferencias?redirectlocale=es&amp;redirectslug=habilitar-y-deshabilitar-cookies-que-los-sitios-we<\/a><\/li>\n<li><strong>Chrome: <\/strong><a href=\"http:\/\/support.google.com\/chrome\/bin\/answer.py?hl=en&amp;answer=95647\">http:\/\/support.google.com\/chrome\/bin\/answer.py?hl=en&amp;answer=95647<\/a><\/li>\n<li><strong>Safari: <\/strong><a href=\"https:\/\/support.apple.com\/kb\/PH19214?viewlocale=es_ES&amp;locale=es_ES\">https:\/\/support.apple.com\/kb\/ph19214?viewlocale=es_es&amp;locale=\u00e9s_\u00c9S<\/a><\/li>\n<li><strong>Opera: <\/strong><a href=\"http:\/\/help.opera.com\/Windows\/11.50\/es-ES\/cookies.html\">http:\/\/help.opera.com\/windows\/11.50\/es-es\/cookies.html<\/a><\/li>\n<\/ul>\n<h5>\u00bfQU\u00c9 DERECHOS TIENE SOBRE LOS DATOS PERSONALES APORTADOS?<\/h5>\n<p>Como usuario, puedes ejercitar los siguientes derechos:<\/p>\n<ul>\n<li>Derecho de acceso: Tienes derecho a obtener por parte de la empresa confirmaci\u00f3n de si se est\u00e1n tratando o no tus datos personales que, y en su caso, qu\u00e9 datos trata.<\/li>\n<li>Derecho de rectificaci\u00f3n: Tienes derecho a obtener por parte de la empresa, la rectificaci\u00f3n de los datos personales inexactos que te ata\u00f1en. En la solicitud de rectificaci\u00f3n deber\u00e1s indicar los datos que quieres que se modifiquen.<\/li>\n<li>Derecho de oposici\u00f3n: Tienes derecho a oponerte en cualquier momento, por motivos relacionados con tu situaci\u00f3n particular, a que datos personales que te conciernan sean objeto de un tratamiento basado en el inter\u00e9s leg\u00edtimo de la empresa. En este caso, la empresa dejar\u00e1 de tratar los datos personales, salvo que acreditamos motivos leg\u00edtimos imperiosos para el tratamiento que prevalezcan sobre todo intereses, derechos y libertades, o para la formulaci\u00f3n, ejercicio o defensa de reclamaciones.<\/li>\n<li>Derecho de supresi\u00f3n: Tienes derecho a obtener por parte de la empresa, la supresi\u00f3n de los datos personales que te conciernan.<\/li>\n<li>Derecho a la portabilidad de los datos: Tienes derecho a que la empresa transfiera tus datos personales a otro responsable del tratamiento. S\u00f3lo es posible ejercer este derecho cuando el tratamiento est\u00e9 basado en la ejecuci\u00f3n de un contrato o en tu consentimiento y el tratamiento se realice por medios automatizados.<\/li>\n<li>Derecho a la limitaci\u00f3n del tratamiento: Tienes derecho a solicitarnos que suspendamos el tratamiento de tus datos cuando: impugnas la exactitud de los datos, mientras la empresa verifica esta exactitud; hayas ejercido el derecho de oposici\u00f3n al tratamiento de tus datos, mientras que se verifica si los motivos leg\u00edtimos de la empresa prevalecen sobre los tuyos como interesado.<\/li>\n<li>Derecho a no ser objeto de decisiones individuales automatizadas, incluida la elaboraci\u00f3n de perfiles: Tienes derecho a no ser objeto de una decisi\u00f3n basada \u00fanicamente en el tratamiento automatizado, incluida la elaboraci\u00f3n de perfiles, que produzca efectos jur\u00eddicos o te afecte significativamente de forma similar.<\/li>\n<\/ul>\n<p>En cualquier momento, podr\u00e1s ejercer estos Derechos, mediante escrito y acreditando tu personalidad dirigido a JOSE ANGEL RODRIGUEZ GOMEZ con direcci\u00f3n de correo postal en Ctra. Zaragoza N-IIA, Km. 457.5 \u2013 25194 Lleida<\/p>\n<p>Adem\u00e1s podr\u00e1s presentar una reclamaci\u00f3n ante la autoridad de control, en este caso, la Agencia Espa\u00f1ola de Protecci\u00f3n de Datos, si consideras que el tratamiento de datos personales infringe la legislaci\u00f3n aplicable.<\/p>\n<\/div><\/div><\/div><\/div><\/div><\/p>\n","protected":false},"excerpt":{"rendered":"","protected":false},"author":1,"featured_media":0,"parent":0,"menu_order":0,"comment_status":"closed","ping_status":"open","template":"100-width.php","meta":[],"yoast_head":"<!-- This site is optimized with the Yoast SEO plugin v20.3 - https:\/\/yoast.com\/wordpress\/plugins\/seo\/ -->\n<title>Pol\u00edtica de cookies - Carballeira<\/title>\n<meta name=\"robots\" content=\"index, follow, max-snippet:-1, max-image-preview:large, max-video-preview:-1\" \/>\n<link rel=\"canonical\" href=\"https:\/\/carballeiralleida.com\/es\/politica-de-cookies\/\" \/>\n<meta property=\"og:locale\" content=\"es_ES\" \/>\n<meta property=\"og:type\" content=\"article\" \/>\n<meta property=\"og:title\" content=\"Pol\u00edtica de cookies - Carballeira\" \/>\n<meta property=\"og:url\" content=\"https:\/\/carballeiralleida.com\/es\/politica-de-cookies\/\" \/>\n<meta property=\"og:site_name\" content=\"Carballeira\" \/>\n<meta property=\"article:modified_time\" content=\"2025-09-24T08:00:53+00:00\" \/>\n<meta name=\"twitter:card\" content=\"summary_large_image\" \/>\n<meta name=\"twitter:label1\" content=\"Tiempo de lectura\" \/>\n\t<meta name=\"twitter:data1\" content=\"12 minutos\" \/>\n<script type=\"application\/ld+json\" class=\"yoast-schema-graph\">{\"@context\":\"https:\/\/schema.org\",\"@graph\":[{\"@type\":\"WebPage\",\"@id\":\"https:\/\/carballeiralleida.com\/es\/politica-de-cookies\/\",\"url\":\"https:\/\/carballeiralleida.com\/es\/politica-de-cookies\/\",\"name\":\"Pol\u00edtica de cookies - Carballeira\",\"isPartOf\":{\"@id\":\"https:\/\/carballeiralleida.com\/#website\"},\"datePublished\":\"2023-04-17T07:57:43+00:00\",\"dateModified\":\"2025-09-24T08:00:53+00:00\",\"breadcrumb\":{\"@id\":\"https:\/\/carballeiralleida.com\/es\/politica-de-cookies\/#breadcrumb\"},\"inLanguage\":\"es\",\"potentialAction\":[{\"@type\":\"ReadAction\",\"target\":[\"https:\/\/carballeiralleida.com\/es\/politica-de-cookies\/\"]}]},{\"@type\":\"BreadcrumbList\",\"@id\":\"https:\/\/carballeiralleida.com\/es\/politica-de-cookies\/#breadcrumb\",\"itemListElement\":[{\"@type\":\"ListItem\",\"position\":1,\"name\":\"Portada\",\"item\":\"https:\/\/carballeiralleida.com\/es\/el-restaurante\/\"},{\"@type\":\"ListItem\",\"position\":2,\"name\":\"Pol\u00edtica de cookies\"}]},{\"@type\":\"WebSite\",\"@id\":\"https:\/\/carballeiralleida.com\/#website\",\"url\":\"https:\/\/carballeiralleida.com\/\",\"name\":\"Carballeira\",\"description\":\"Restaurant - Marisqueria\",\"potentialAction\":[{\"@type\":\"SearchAction\",\"target\":{\"@type\":\"EntryPoint\",\"urlTemplate\":\"https:\/\/carballeiralleida.com\/?s={search_term_string}\"},\"query-input\":\"required name=search_term_string\"}],\"inLanguage\":\"es\"}]}<\/script>\n<!-- \/ Yoast SEO plugin. -->","yoast_head_json":{"title":"Pol\u00edtica de cookies - Carballeira","robots":{"index":"index","follow":"follow","max-snippet":"max-snippet:-1","max-image-preview":"max-image-preview:large","max-video-preview":"max-video-preview:-1"},"canonical":"https:\/\/carballeiralleida.com\/es\/politica-de-cookies\/","og_locale":"es_ES","og_type":"article","og_title":"Pol\u00edtica de cookies - Carballeira","og_url":"https:\/\/carballeiralleida.com\/es\/politica-de-cookies\/","og_site_name":"Carballeira","article_modified_time":"2025-09-24T08:00:53+00:00","twitter_card":"summary_large_image","twitter_misc":{"Tiempo de lectura":"12 minutos"},"schema":{"@context":"https:\/\/schema.org","@graph":[{"@type":"WebPage","@id":"https:\/\/carballeiralleida.com\/es\/politica-de-cookies\/","url":"https:\/\/carballeiralleida.com\/es\/politica-de-cookies\/","name":"Pol\u00edtica de cookies - Carballeira","isPartOf":{"@id":"https:\/\/carballeiralleida.com\/#website"},"datePublished":"2023-04-17T07:57:43+00:00","dateModified":"2025-09-24T08:00:53+00:00","breadcrumb":{"@id":"https:\/\/carballeiralleida.com\/es\/politica-de-cookies\/#breadcrumb"},"inLanguage":"es","potentialAction":[{"@type":"ReadAction","target":["https:\/\/carballeiralleida.com\/es\/politica-de-cookies\/"]}]},{"@type":"BreadcrumbList","@id":"https:\/\/carballeiralleida.com\/es\/politica-de-cookies\/#breadcrumb","itemListElement":[{"@type":"ListItem","position":1,"name":"Portada","item":"https:\/\/carballeiralleida.com\/es\/el-restaurante\/"},{"@type":"ListItem","position":2,"name":"Pol\u00edtica de cookies"}]},{"@type":"WebSite","@id":"https:\/\/carballeiralleida.com\/#website","url":"https:\/\/carballeiralleida.com\/","name":"Carballeira","description":"Restaurant - Marisqueria","potentialAction":[{"@type":"SearchAction","target":{"@type":"EntryPoint","urlTemplate":"https:\/\/carballeiralleida.com\/?s={search_term_string}"},"query-input":"required name=search_term_string"}],"inLanguage":"es"}]}},"_links":{"self":[{"href":"https:\/\/carballeiralleida.com\/es\/wp-json\/wp\/v2\/pages\/1594"}],"collection":[{"href":"https:\/\/carballeiralleida.com\/es\/wp-json\/wp\/v2\/pages"}],"about":[{"href":"https:\/\/carballeiralleida.com\/es\/wp-json\/wp\/v2\/types\/page"}],"author":[{"embeddable":true,"href":"https:\/\/carballeiralleida.com\/es\/wp-json\/wp\/v2\/users\/1"}],"replies":[{"embeddable":true,"href":"https:\/\/carballeiralleida.com\/es\/wp-json\/wp\/v2\/comments?post=1594"}],"version-history":[{"count":6,"href":"https:\/\/carballeiralleida.com\/es\/wp-json\/wp\/v2\/pages\/1594\/revisions"}],"predecessor-version":[{"id":2899,"href":"https:\/\/carballeiralleida.com\/es\/wp-json\/wp\/v2\/pages\/1594\/revisions\/2899"}],"wp:attachment":[{"href":"https:\/\/carballeiralleida.com\/es\/wp-json\/wp\/v2\/media?parent=1594"}],"curies":[{"name":"wp","href":"https:\/\/api.w.org\/{rel}","templated":true}]}}